{"id":86,"date":"2025-01-10T13:08:56","date_gmt":"2025-01-10T16:08:56","guid":{"rendered":"https:\/\/paulownias.cl\/wordpress_s\/?page_id=86"},"modified":"2025-02-17T19:14:50","modified_gmt":"2025-02-17T22:14:50","slug":"economia-circular","status":"publish","type":"page","link":"https:\/\/paulownias.cl\/wordpress_s\/economia-circular\/","title":{"rendered":"Econom\u00eda Circular"},"content":{"rendered":"\t\t<div data-elementor-type=\"wp-page\" data-elementor-id=\"86\" class=\"elementor elementor-86\">\n\t\t\t\t<div class=\"elementor-element elementor-element-2c62c3a e-flex e-con-boxed e-con e-parent\" data-id=\"2c62c3a\" data-element_type=\"container\" data-e-type=\"container\" data-settings=\"{&quot;background_background&quot;:&quot;classic&quot;}\">\n\t\t\t\t\t<div class=\"e-con-inner\">\n\t\t\t\t\t<\/div>\n\t\t\t\t<\/div>\n\t\t<div class=\"elementor-element elementor-element-f0825c6 e-flex e-con-boxed e-con e-parent\" data-id=\"f0825c6\" data-element_type=\"container\" data-e-type=\"container\">\n\t\t\t\t\t<div class=\"e-con-inner\">\n\t\t<div class=\"elementor-element elementor-element-befbfc7 e-con-full e-flex e-con e-child\" data-id=\"befbfc7\" data-element_type=\"container\" data-e-type=\"container\">\n\t\t\t\t<div class=\"elementor-element elementor-element-5df2a30 elementor-widget elementor-widget-heading\" data-id=\"5df2a30\" data-element_type=\"widget\" data-e-type=\"widget\" data-widget_type=\"heading.default\">\n\t\t\t\t<div class=\"elementor-widget-container\">\n\t\t\t\t\t<span class=\"elementor-heading-title elementor-size-default\">Usos de la Madera de la Paulownia y su Impacto en la Econom\u00eda Circular\n<\/span>\t\t\t\t<\/div>\n\t\t\t\t<\/div>\n\t\t\t\t<div class=\"elementor-element elementor-element-dc6ad52 elementor-widget elementor-widget-heading\" data-id=\"dc6ad52\" data-element_type=\"widget\" data-e-type=\"widget\" data-widget_type=\"heading.default\">\n\t\t\t\t<div class=\"elementor-widget-container\">\n\t\t\t\t\t<span class=\"elementor-heading-title elementor-size-default\">La madera de la Paulownia es ampliamente valorada por sus propiedades \u00fanicas, que la convierten en una opci\u00f3n vers\u00e1til y sostenible en diversas industrias. Adem\u00e1s, su cultivo y aprovechamiento est\u00e1n alineados con los principios de la econom\u00eda circular, promoviendo la reutilizaci\u00f3n de recursos y la reducci\u00f3n del impacto ambiental. A continuaci\u00f3n, exploramos los usos m\u00e1s destacados de su madera y su contribuci\u00f3n a un modelo econ\u00f3mico m\u00e1s sostenible.<br><br>\n<b>Usos<\/b> <b>de<\/b> <b>la<\/b> <b>Madera<\/b> <b>de<\/b> <b>la<\/b> <b>Paulownia<\/b><br><\/br>\n<b>Fabricaci\u00f3n<\/b> <b>de<\/b> <b>Muebles<\/b>:\nGracias a su ligereza y resistencia, la madera de Paulownia es ideal para fabricar muebles como mesas, sillas, armarios y estanter\u00edas.\nEs f\u00e1cil de trabajar y permite acabados de alta calidad, siendo una alternativa econ\u00f3mica y ecol\u00f3gica a maderas tradicionales.<br><br>\n<b>Industria<\/b> <b>de<\/b> <b>Instrumentos<\/b> <b>Musicales<\/b>:\nSu excelente relaci\u00f3n peso-fuerza y resonancia la hacen adecuada para guitarras, violines y otros instrumentos.\nEs una opci\u00f3n preferida para reducir el peso de los instrumentos sin comprometer su calidad ac\u00fastica.<br><br>\n<b>Construcci\u00f3n<\/b> <b>de<\/b> <b>Embarcaciones<\/b>:\nPor su resistencia al agua y su bajo peso, la madera de Paulownia es utilizada en la construcci\u00f3n de botes, kayaks y tablas de surf.\nAdem\u00e1s, su durabilidad minimiza el mantenimiento, extendiendo la vida \u00fatil de estos productos.<br><br>\n<b>Producci\u00f3n<\/b> <b>de<\/b> <b>Tableros<\/b> <b>y<\/b> <b>Paneles<\/b>: Se utiliza en tableros contrachapados, paneles decorativos y revestimientos interiores gracias a su estabilidad dimensional y resistencia a deformaciones.<br><br>\n<b>Material<\/b> <b>de<\/b> <b>Embalaje<\/b>:\nLa ligereza de la madera reduce los costos de transporte, haci\u00e9ndola ideal para fabricar cajas, estuches y otros materiales de embalaje reutilizables.<br><br>\n<b>Construcci\u00f3n<\/b> <b>y<\/b> <b>Arquitectura<\/b>:\nEs empleada en construcciones livianas, como casas prefabricadas, donde su bajo peso y capacidad aislante aportan ventajas significativas.\nSu capacidad de resistir fuego y termitas la convierte en una opci\u00f3n segura y duradera.<br><br>\n<b>Producci\u00f3n<\/b> <b>de<\/b> <b>Biomasa<\/b>:\nLos desechos de madera de Paulownia, como ramas y recortes, pueden transformarse en biomasa para la generaci\u00f3n de energ\u00eda renovable.<br><br>\n<b>Uso<\/b> <b>Decorativo<\/b> <b>y<\/b> <b>Artesanal<\/b>:\nSe emplea en tallas, marcos, utensilios dom\u00e9sticos y objetos decorativos debido a su belleza natural y facilidad para ser moldeada. <br><br><b>Impacto<\/b> <b>en<\/b> <b>la<\/b> <b>Econom\u00eda<\/b> <b>Circular<\/b>:\nLa Paulownia y su madera desempe\u00f1an un papel clave en la transici\u00f3n hacia una econom\u00eda circular, gracias a su capacidad para regenerarse r\u00e1pidamente y ofrecer m\u00faltiples ciclos de uso. Aqu\u00ed te explicamos c\u00f3mo:<br><br>\n<b>Cultivo<\/b> <b>Sostenible<\/b>:\nLa Paulownia crece r\u00e1pidamente, permitiendo varias cosechas en un mismo terreno durante d\u00e9cadas sin agotar los recursos del suelo.\nSu sistema radicular profundo mejora la estructura del suelo y lo hace m\u00e1s f\u00e9rtil, contribuyendo a la sostenibilidad del ecosistema.<br><br>\n<b>Producci\u00f3n<\/b> <b>de<\/b> <b>Bajo<\/b> <b>Impacto<\/b> <b>Ambiental<\/b>:\nSu bajo peso reduce los costos y emisiones en transporte, mientras que su capacidad de regeneraci\u00f3n disminuye la presi\u00f3n sobre los bosques naturales.\nAdem\u00e1s, la Paulownia captura grandes cantidades de CO\u2082, ayudando a mitigar el cambio clim\u00e1tico.<br><br>\n<b>Reutilizaci\u00f3n<\/b> <b>y<\/b> <b>Reciclaje<\/b>:\nLos productos elaborados con madera de Paulownia, como muebles y paneles, pueden ser desmontados y reutilizados o reciclados al final de su vida \u00fatil.\nSus desechos pueden convertirse en biomasa, cerrando el ciclo de producci\u00f3n y uso.<br><br>\n<b>Contribuci\u00f3n<\/b> <b>a<\/b> <b>Industrias<\/b> <b>Locales<\/b>:\nEl cultivo y aprovechamiento de la Paulownia generan empleos en comunidades rurales, fomentando econom\u00edas locales basadas en pr\u00e1cticas sostenibles.\nEs una excelente alternativa para agricultores que buscan diversificar sus ingresos con cultivos de bajo impacto ambiental.<br><br>\n<b>Optimizaci\u00f3n<\/b> <b>de<\/b> <b>Recursos<\/b>:\nCada parte del \u00e1rbol puede ser aprovechada: la madera para usos industriales, las hojas como forraje o abono, y las ramas para biomasa.\nEste enfoque integral reduce los residuos y maximiza el valor obtenido del \u00e1rbol.\nBeneficios Econ\u00f3micos y Ambientales<br><br>\n<b>Econ\u00f3micos<\/b>:\nLa rapidez con la que crece y la calidad de su madera ofrecen un retorno de inversi\u00f3n acelerado, especialmente para peque\u00f1os y medianos productores.\nSu amplia gama de aplicaciones asegura una demanda constante en diversos mercados.<br><br>\n<b>Ambientales<\/b>:\nEl cultivo de Paulownia contribuye a la regeneraci\u00f3n de suelos degradados y a la reducci\u00f3n de la deforestaci\u00f3n.\nAl integrarse en sistemas agroforestales, mejora la biodiversidad y optimiza el uso de la tierra.<br><br>\nLa madera de la Paulownia no solo es una soluci\u00f3n econ\u00f3mica para diversas industrias, sino tambi\u00e9n una apuesta por la sostenibilidad. Su cultivo y uso demuestran c\u00f3mo es posible combinar innovaci\u00f3n, productividad y responsabilidad ambiental, siendo un claro ejemplo de c\u00f3mo avanzar hacia una econom\u00eda circular.\n<\/span>\t\t\t\t<\/div>\n\t\t\t\t<\/div>\n\t\t\t\t<\/div>\n\t\t<div class=\"elementor-element elementor-element-83bcefe e-con-full e-flex e-con e-child\" data-id=\"83bcefe\" data-element_type=\"container\" data-e-type=\"container\">\n\t\t\t\t<div class=\"elementor-element elementor-element-73949dc elementor-widget elementor-widget-image\" data-id=\"73949dc\" data-element_type=\"widget\" data-e-type=\"widget\" data-widget_type=\"image.default\">\n\t\t\t\t<div class=\"elementor-widget-container\">\n\t\t\t\t\t\t\t\t\t\t\t\t\t\t\t<img fetchpriority=\"high\" decoding=\"async\" width=\"715\" height=\"1000\" src=\"https:\/\/paulownias.cl\/wordpress_s\/wp-content\/uploads\/2025\/01\/Arbol-Pawlonia-Tomentosa-Descripcion-01-Web-x2400-Carrusel-03-x1000.jpg\" class=\"attachment-large size-large wp-image-196\" alt=\"\" srcset=\"https:\/\/paulownias.cl\/wordpress_s\/wp-content\/uploads\/2025\/01\/Arbol-Pawlonia-Tomentosa-Descripcion-01-Web-x2400-Carrusel-03-x1000.jpg 715w, https:\/\/paulownias.cl\/wordpress_s\/wp-content\/uploads\/2025\/01\/Arbol-Pawlonia-Tomentosa-Descripcion-01-Web-x2400-Carrusel-03-x1000-215x300.jpg 215w\" sizes=\"(max-width: 715px) 100vw, 715px\" \/>\t\t\t\t\t\t\t\t\t\t\t\t\t\t\t<\/div>\n\t\t\t\t<\/div>\n\t\t\t\t<div class=\"elementor-element elementor-element-9abbe7b elementor-widget elementor-widget-image\" data-id=\"9abbe7b\" data-element_type=\"widget\" data-e-type=\"widget\" data-widget_type=\"image.default\">\n\t\t\t\t<div class=\"elementor-widget-container\">\n\t\t\t\t\t\t\t\t\t\t\t\t\t\t\t<img decoding=\"async\" width=\"709\" height=\"921\" src=\"https:\/\/paulownias.cl\/wordpress_s\/wp-content\/uploads\/2025\/02\/Catalpa-bignonioides-Nana.jpg\" class=\"attachment-large size-large wp-image-310\" alt=\"\" srcset=\"https:\/\/paulownias.cl\/wordpress_s\/wp-content\/uploads\/2025\/02\/Catalpa-bignonioides-Nana.jpg 709w, https:\/\/paulownias.cl\/wordpress_s\/wp-content\/uploads\/2025\/02\/Catalpa-bignonioides-Nana-231x300.jpg 231w\" sizes=\"(max-width: 709px) 100vw, 709px\" \/>\t\t\t\t\t\t\t\t\t\t\t\t\t\t\t<\/div>\n\t\t\t\t<\/div>\n\t\t\t\t<div class=\"elementor-element elementor-element-342de34 elementor-widget elementor-widget-image\" data-id=\"342de34\" data-element_type=\"widget\" data-e-type=\"widget\" data-widget_type=\"image.default\">\n\t\t\t\t<div class=\"elementor-widget-container\">\n\t\t\t\t\t\t\t\t\t\t\t\t\t\t\t<img decoding=\"async\" width=\"450\" height=\"600\" src=\"https:\/\/paulownias.cl\/wordpress_s\/wp-content\/uploads\/2025\/02\/image_1950.webp\" class=\"attachment-large size-large wp-image-311\" alt=\"\" srcset=\"https:\/\/paulownias.cl\/wordpress_s\/wp-content\/uploads\/2025\/02\/image_1950.webp 450w, https:\/\/paulownias.cl\/wordpress_s\/wp-content\/uploads\/2025\/02\/image_1950-225x300.webp 225w\" sizes=\"(max-width: 450px) 100vw, 450px\" \/>\t\t\t\t\t\t\t\t\t\t\t\t\t\t\t<\/div>\n\t\t\t\t<\/div>\n\t\t\t\t<div class=\"elementor-element elementor-element-f5bdbf0 elementor-widget elementor-widget-image\" data-id=\"f5bdbf0\" data-element_type=\"widget\" data-e-type=\"widget\" data-widget_type=\"image.default\">\n\t\t\t\t<div class=\"elementor-widget-container\">\n\t\t\t\t\t\t\t\t\t\t\t\t\t\t\t<img loading=\"lazy\" decoding=\"async\" width=\"1024\" height=\"576\" src=\"https:\/\/paulownias.cl\/wordpress_s\/wp-content\/uploads\/2025\/02\/maxresdefault-2-1024x576.jpg\" class=\"attachment-large size-large wp-image-313\" alt=\"\" srcset=\"https:\/\/paulownias.cl\/wordpress_s\/wp-content\/uploads\/2025\/02\/maxresdefault-2-1024x576.jpg 1024w, https:\/\/paulownias.cl\/wordpress_s\/wp-content\/uploads\/2025\/02\/maxresdefault-2-300x169.jpg 300w, https:\/\/paulownias.cl\/wordpress_s\/wp-content\/uploads\/2025\/02\/maxresdefault-2-768x432.jpg 768w, https:\/\/paulownias.cl\/wordpress_s\/wp-content\/uploads\/2025\/02\/maxresdefault-2.jpg 1280w\" sizes=\"(max-width: 1024px) 100vw, 1024px\" \/>\t\t\t\t\t\t\t\t\t\t\t\t\t\t\t<\/div>\n\t\t\t\t<\/div>\n\t\t\t\t<div class=\"elementor-element elementor-element-a203f8e elementor-widget elementor-widget-image\" data-id=\"a203f8e\" data-element_type=\"widget\" data-e-type=\"widget\" data-widget_type=\"image.default\">\n\t\t\t\t<div class=\"elementor-widget-container\">\n\t\t\t\t\t\t\t\t\t\t\t\t\t\t\t<img loading=\"lazy\" decoding=\"async\" width=\"1024\" height=\"1024\" src=\"https:\/\/paulownias.cl\/wordpress_s\/wp-content\/uploads\/2025\/02\/katalpa-gibridnaya.jpeg\" class=\"attachment-large size-large wp-image-312\" alt=\"\" srcset=\"https:\/\/paulownias.cl\/wordpress_s\/wp-content\/uploads\/2025\/02\/katalpa-gibridnaya.jpeg 1024w, https:\/\/paulownias.cl\/wordpress_s\/wp-content\/uploads\/2025\/02\/katalpa-gibridnaya-300x300.jpeg 300w, https:\/\/paulownias.cl\/wordpress_s\/wp-content\/uploads\/2025\/02\/katalpa-gibridnaya-150x150.jpeg 150w, https:\/\/paulownias.cl\/wordpress_s\/wp-content\/uploads\/2025\/02\/katalpa-gibridnaya-768x768.jpeg 768w\" sizes=\"(max-width: 1024px) 100vw, 1024px\" \/>\t\t\t\t\t\t\t\t\t\t\t\t\t\t\t<\/div>\n\t\t\t\t<\/div>\n\t\t\t\t<\/div>\n\t\t\t\t\t<\/div>\n\t\t\t\t<\/div>\n\t\t\t\t<\/div>\n\t\t","protected":false},"excerpt":{"rendered":"<p>Usos de la Madera de la Paulownia y su Impacto en la Econom\u00eda Circular La madera de la Paulownia es ampliamente valorada por sus propiedades \u00fanicas, que la convierten en una opci\u00f3n vers\u00e1til y sostenible en diversas industrias. Adem\u00e1s, su cultivo y aprovechamiento est\u00e1n alineados con los principios de la econom\u00eda circular, promoviendo la reutilizaci\u00f3n [&hellip;]<\/p>\n","protected":false},"author":1,"featured_media":0,"parent":0,"menu_order":0,"comment_status":"closed","ping_status":"open","template":"","meta":{"site-sidebar-layout":"no-sidebar","site-content-layout":"","ast-site-content-layout":"full-width-container","site-content-style":"default","site-sidebar-style":"default","ast-global-header-display":"","ast-banner-title-visibility":"","ast-main-header-display":"","ast-hfb-above-header-display":"","ast-hfb-below-header-display":"","ast-hfb-mobile-header-display":"","site-post-title":"disabled","ast-breadcrumbs-content":"","ast-featured-img":"disabled","footer-sml-layout":"","ast-disable-related-posts":"","theme-transparent-header-meta":"","adv-header-id-meta":"","stick-header-meta":"","header-above-stick-meta":"","header-main-stick-meta":"","header-below-stick-meta":"","astra-migrate-meta-layouts":"default","ast-page-background-enabled":"default","ast-page-background-meta":{"desktop":{"background-color":"var(--ast-global-color-5)","background-image":"","background-repeat":"repeat","background-position":"center center","background-size":"auto","background-attachment":"scroll","background-type":"","background-media":"","overlay-type":"","overlay-color":"","overlay-opacity":"","overlay-gradient":""},"tablet":{"background-color":"","background-image":"","background-repeat":"repeat","background-position":"center center","background-size":"auto","background-attachment":"scroll","background-type":"","background-media":"","overlay-type":"","overlay-color":"","overlay-opacity":"","overlay-gradient":""},"mobile":{"background-color":"","background-image":"","background-repeat":"repeat","background-position":"center center","background-size":"auto","background-attachment":"scroll","background-type":"","background-media":"","overlay-type":"","overlay-color":"","overlay-opacity":"","overlay-gradient":""}},"ast-content-background-meta":{"desktop":{"background-color":"var(--ast-global-color-4)","background-image":"","background-repeat":"repeat","background-position":"center center","background-size":"auto","background-attachment":"scroll","background-type":"","background-media":"","overlay-type":"","overlay-color":"","overlay-opacity":"","overlay-gradient":""},"tablet":{"background-color":"var(--ast-global-color-4)","background-image":"","background-repeat":"repeat","background-position":"center center","background-size":"auto","background-attachment":"scroll","background-type":"","background-media":"","overlay-type":"","overlay-color":"","overlay-opacity":"","overlay-gradient":""},"mobile":{"background-color":"var(--ast-global-color-4)","background-image":"","background-repeat":"repeat","background-position":"center center","background-size":"auto","background-attachment":"scroll","background-type":"","background-media":"","overlay-type":"","overlay-color":"","overlay-opacity":"","overlay-gradient":""}},"footnotes":""},"class_list":["post-86","page","type-page","status-publish","hentry"],"yoast_head":"<!-- This site is optimized with the Yoast SEO plugin v27.3 - https:\/\/yoast.com\/product\/yoast-seo-wordpress\/ -->\n<title>Econom\u00eda Circular - paulownias.cl<\/title>\n<meta name=\"robots\" content=\"index, follow, max-snippet:-1, max-image-preview:large, max-video-preview:-1\" \/>\n<link rel=\"canonical\" href=\"https:\/\/paulownias.cl\/wordpress_s\/economia-circular\/\" \/>\n<meta property=\"og:locale\" content=\"es_ES\" \/>\n<meta property=\"og:type\" content=\"article\" \/>\n<meta property=\"og:title\" content=\"Econom\u00eda Circular - paulownias.cl\" \/>\n<meta property=\"og:description\" content=\"Usos de la Madera de la Paulownia y su Impacto en la Econom\u00eda Circular La madera de la Paulownia es ampliamente valorada por sus propiedades \u00fanicas, que la convierten en una opci\u00f3n vers\u00e1til y sostenible en diversas industrias. Adem\u00e1s, su cultivo y aprovechamiento est\u00e1n alineados con los principios de la econom\u00eda circular, promoviendo la reutilizaci\u00f3n [&hellip;]\" \/>\n<meta property=\"og:url\" content=\"https:\/\/paulownias.cl\/wordpress_s\/economia-circular\/\" \/>\n<meta property=\"og:site_name\" content=\"paulownias.cl\" \/>\n<meta property=\"article:modified_time\" content=\"2025-02-17T22:14:50+00:00\" \/>\n<meta property=\"og:image\" content=\"https:\/\/paulownias.cl\/wordpress_s\/wp-content\/uploads\/2025\/01\/Arbol-Pawlonia-Tomentosa-Descripcion-01-Web-x2400-Carrusel-03-x1000.jpg\" \/>\n\t<meta property=\"og:image:width\" content=\"715\" \/>\n\t<meta property=\"og:image:height\" content=\"1000\" \/>\n\t<meta property=\"og:image:type\" content=\"image\/jpeg\" \/>\n<meta name=\"twitter:card\" content=\"summary_large_image\" \/>\n<meta name=\"twitter:label1\" content=\"Tiempo estimado de lectura\" \/>\n\t<meta name=\"twitter:data1\" content=\"4 minutos\" \/>\n<script type=\"application\/ld+json\" class=\"yoast-schema-graph\">{\"@context\":\"https:\\\/\\\/schema.org\",\"@graph\":[{\"@type\":\"WebPage\",\"@id\":\"https:\\\/\\\/paulownias.cl\\\/wordpress_s\\\/economia-circular\\\/\",\"url\":\"https:\\\/\\\/paulownias.cl\\\/wordpress_s\\\/economia-circular\\\/\",\"name\":\"Econom\u00eda Circular - paulownias.cl\",\"isPartOf\":{\"@id\":\"https:\\\/\\\/paulownias.cl\\\/wordpress_s\\\/#website\"},\"primaryImageOfPage\":{\"@id\":\"https:\\\/\\\/paulownias.cl\\\/wordpress_s\\\/economia-circular\\\/#primaryimage\"},\"image\":{\"@id\":\"https:\\\/\\\/paulownias.cl\\\/wordpress_s\\\/economia-circular\\\/#primaryimage\"},\"thumbnailUrl\":\"https:\\\/\\\/paulownias.cl\\\/wordpress_s\\\/wp-content\\\/uploads\\\/2025\\\/01\\\/Arbol-Pawlonia-Tomentosa-Descripcion-01-Web-x2400-Carrusel-03-x1000.jpg\",\"datePublished\":\"2025-01-10T16:08:56+00:00\",\"dateModified\":\"2025-02-17T22:14:50+00:00\",\"breadcrumb\":{\"@id\":\"https:\\\/\\\/paulownias.cl\\\/wordpress_s\\\/economia-circular\\\/#breadcrumb\"},\"inLanguage\":\"es-CL\",\"potentialAction\":[{\"@type\":\"ReadAction\",\"target\":[\"https:\\\/\\\/paulownias.cl\\\/wordpress_s\\\/economia-circular\\\/\"]}]},{\"@type\":\"ImageObject\",\"inLanguage\":\"es-CL\",\"@id\":\"https:\\\/\\\/paulownias.cl\\\/wordpress_s\\\/economia-circular\\\/#primaryimage\",\"url\":\"https:\\\/\\\/paulownias.cl\\\/wordpress_s\\\/wp-content\\\/uploads\\\/2025\\\/01\\\/Arbol-Pawlonia-Tomentosa-Descripcion-01-Web-x2400-Carrusel-03-x1000.jpg\",\"contentUrl\":\"https:\\\/\\\/paulownias.cl\\\/wordpress_s\\\/wp-content\\\/uploads\\\/2025\\\/01\\\/Arbol-Pawlonia-Tomentosa-Descripcion-01-Web-x2400-Carrusel-03-x1000.jpg\",\"width\":715,\"height\":1000},{\"@type\":\"BreadcrumbList\",\"@id\":\"https:\\\/\\\/paulownias.cl\\\/wordpress_s\\\/economia-circular\\\/#breadcrumb\",\"itemListElement\":[{\"@type\":\"ListItem\",\"position\":1,\"name\":\"Portada\",\"item\":\"https:\\\/\\\/paulownias.cl\\\/wordpress_s\\\/\"},{\"@type\":\"ListItem\",\"position\":2,\"name\":\"Econom\u00eda Circular\"}]},{\"@type\":\"WebSite\",\"@id\":\"https:\\\/\\\/paulownias.cl\\\/wordpress_s\\\/#website\",\"url\":\"https:\\\/\\\/paulownias.cl\\\/wordpress_s\\\/\",\"name\":\"paulownias.cl\",\"description\":\"\",\"publisher\":{\"@id\":\"https:\\\/\\\/paulownias.cl\\\/wordpress_s\\\/#organization\"},\"potentialAction\":[{\"@type\":\"SearchAction\",\"target\":{\"@type\":\"EntryPoint\",\"urlTemplate\":\"https:\\\/\\\/paulownias.cl\\\/wordpress_s\\\/?s={search_term_string}\"},\"query-input\":{\"@type\":\"PropertyValueSpecification\",\"valueRequired\":true,\"valueName\":\"search_term_string\"}}],\"inLanguage\":\"es-CL\"},{\"@type\":\"Organization\",\"@id\":\"https:\\\/\\\/paulownias.cl\\\/wordpress_s\\\/#organization\",\"name\":\"paulownias.cl\",\"url\":\"https:\\\/\\\/paulownias.cl\\\/wordpress_s\\\/\",\"logo\":{\"@type\":\"ImageObject\",\"inLanguage\":\"es-CL\",\"@id\":\"https:\\\/\\\/paulownias.cl\\\/wordpress_s\\\/#\\\/schema\\\/logo\\\/image\\\/\",\"url\":\"https:\\\/\\\/paulownias.cl\\\/wordpress_s\\\/wp-content\\\/uploads\\\/2025\\\/01\\\/cropped-LogoPaulownia2-1.png\",\"contentUrl\":\"https:\\\/\\\/paulownias.cl\\\/wordpress_s\\\/wp-content\\\/uploads\\\/2025\\\/01\\\/cropped-LogoPaulownia2-1.png\",\"width\":607,\"height\":619,\"caption\":\"paulownias.cl\"},\"image\":{\"@id\":\"https:\\\/\\\/paulownias.cl\\\/wordpress_s\\\/#\\\/schema\\\/logo\\\/image\\\/\"}}]}<\/script>\n<!-- \/ Yoast SEO plugin. -->","yoast_head_json":{"title":"Econom\u00eda Circular - paulownias.cl","robots":{"index":"index","follow":"follow","max-snippet":"max-snippet:-1","max-image-preview":"max-image-preview:large","max-video-preview":"max-video-preview:-1"},"canonical":"https:\/\/paulownias.cl\/wordpress_s\/economia-circular\/","og_locale":"es_ES","og_type":"article","og_title":"Econom\u00eda Circular - paulownias.cl","og_description":"Usos de la Madera de la Paulownia y su Impacto en la Econom\u00eda Circular La madera de la Paulownia es ampliamente valorada por sus propiedades \u00fanicas, que la convierten en una opci\u00f3n vers\u00e1til y sostenible en diversas industrias. Adem\u00e1s, su cultivo y aprovechamiento est\u00e1n alineados con los principios de la econom\u00eda circular, promoviendo la reutilizaci\u00f3n [&hellip;]","og_url":"https:\/\/paulownias.cl\/wordpress_s\/economia-circular\/","og_site_name":"paulownias.cl","article_modified_time":"2025-02-17T22:14:50+00:00","og_image":[{"width":715,"height":1000,"url":"https:\/\/paulownias.cl\/wordpress_s\/wp-content\/uploads\/2025\/01\/Arbol-Pawlonia-Tomentosa-Descripcion-01-Web-x2400-Carrusel-03-x1000.jpg","type":"image\/jpeg"}],"twitter_card":"summary_large_image","twitter_misc":{"Tiempo estimado de lectura":"4 minutos"},"schema":{"@context":"https:\/\/schema.org","@graph":[{"@type":"WebPage","@id":"https:\/\/paulownias.cl\/wordpress_s\/economia-circular\/","url":"https:\/\/paulownias.cl\/wordpress_s\/economia-circular\/","name":"Econom\u00eda Circular - paulownias.cl","isPartOf":{"@id":"https:\/\/paulownias.cl\/wordpress_s\/#website"},"primaryImageOfPage":{"@id":"https:\/\/paulownias.cl\/wordpress_s\/economia-circular\/#primaryimage"},"image":{"@id":"https:\/\/paulownias.cl\/wordpress_s\/economia-circular\/#primaryimage"},"thumbnailUrl":"https:\/\/paulownias.cl\/wordpress_s\/wp-content\/uploads\/2025\/01\/Arbol-Pawlonia-Tomentosa-Descripcion-01-Web-x2400-Carrusel-03-x1000.jpg","datePublished":"2025-01-10T16:08:56+00:00","dateModified":"2025-02-17T22:14:50+00:00","breadcrumb":{"@id":"https:\/\/paulownias.cl\/wordpress_s\/economia-circular\/#breadcrumb"},"inLanguage":"es-CL","potentialAction":[{"@type":"ReadAction","target":["https:\/\/paulownias.cl\/wordpress_s\/economia-circular\/"]}]},{"@type":"ImageObject","inLanguage":"es-CL","@id":"https:\/\/paulownias.cl\/wordpress_s\/economia-circular\/#primaryimage","url":"https:\/\/paulownias.cl\/wordpress_s\/wp-content\/uploads\/2025\/01\/Arbol-Pawlonia-Tomentosa-Descripcion-01-Web-x2400-Carrusel-03-x1000.jpg","contentUrl":"https:\/\/paulownias.cl\/wordpress_s\/wp-content\/uploads\/2025\/01\/Arbol-Pawlonia-Tomentosa-Descripcion-01-Web-x2400-Carrusel-03-x1000.jpg","width":715,"height":1000},{"@type":"BreadcrumbList","@id":"https:\/\/paulownias.cl\/wordpress_s\/economia-circular\/#breadcrumb","itemListElement":[{"@type":"ListItem","position":1,"name":"Portada","item":"https:\/\/paulownias.cl\/wordpress_s\/"},{"@type":"ListItem","position":2,"name":"Econom\u00eda Circular"}]},{"@type":"WebSite","@id":"https:\/\/paulownias.cl\/wordpress_s\/#website","url":"https:\/\/paulownias.cl\/wordpress_s\/","name":"paulownias.cl","description":"","publisher":{"@id":"https:\/\/paulownias.cl\/wordpress_s\/#organization"},"potentialAction":[{"@type":"SearchAction","target":{"@type":"EntryPoint","urlTemplate":"https:\/\/paulownias.cl\/wordpress_s\/?s={search_term_string}"},"query-input":{"@type":"PropertyValueSpecification","valueRequired":true,"valueName":"search_term_string"}}],"inLanguage":"es-CL"},{"@type":"Organization","@id":"https:\/\/paulownias.cl\/wordpress_s\/#organization","name":"paulownias.cl","url":"https:\/\/paulownias.cl\/wordpress_s\/","logo":{"@type":"ImageObject","inLanguage":"es-CL","@id":"https:\/\/paulownias.cl\/wordpress_s\/#\/schema\/logo\/image\/","url":"https:\/\/paulownias.cl\/wordpress_s\/wp-content\/uploads\/2025\/01\/cropped-LogoPaulownia2-1.png","contentUrl":"https:\/\/paulownias.cl\/wordpress_s\/wp-content\/uploads\/2025\/01\/cropped-LogoPaulownia2-1.png","width":607,"height":619,"caption":"paulownias.cl"},"image":{"@id":"https:\/\/paulownias.cl\/wordpress_s\/#\/schema\/logo\/image\/"}}]}},"_links":{"self":[{"href":"https:\/\/paulownias.cl\/wordpress_s\/wp-json\/wp\/v2\/pages\/86","targetHints":{"allow":["GET"]}}],"collection":[{"href":"https:\/\/paulownias.cl\/wordpress_s\/wp-json\/wp\/v2\/pages"}],"about":[{"href":"https:\/\/paulownias.cl\/wordpress_s\/wp-json\/wp\/v2\/types\/page"}],"author":[{"embeddable":true,"href":"https:\/\/paulownias.cl\/wordpress_s\/wp-json\/wp\/v2\/users\/1"}],"replies":[{"embeddable":true,"href":"https:\/\/paulownias.cl\/wordpress_s\/wp-json\/wp\/v2\/comments?post=86"}],"version-history":[{"count":19,"href":"https:\/\/paulownias.cl\/wordpress_s\/wp-json\/wp\/v2\/pages\/86\/revisions"}],"predecessor-version":[{"id":316,"href":"https:\/\/paulownias.cl\/wordpress_s\/wp-json\/wp\/v2\/pages\/86\/revisions\/316"}],"wp:attachment":[{"href":"https:\/\/paulownias.cl\/wordpress_s\/wp-json\/wp\/v2\/media?parent=86"}],"curies":[{"name":"wp","href":"https:\/\/api.w.org\/{rel}","templated":true}]}}