{"id":106,"date":"2025-01-13T08:43:29","date_gmt":"2025-01-13T11:43:29","guid":{"rendered":"https:\/\/paulownias.cl\/wordpress_s\/?page_id=106"},"modified":"2025-01-27T18:18:37","modified_gmt":"2025-01-27T21:18:37","slug":"politicas-de-privacidad","status":"publish","type":"page","link":"https:\/\/paulownias.cl\/wordpress_s\/politicas-de-privacidad\/","title":{"rendered":"Pol\u00edticas de privacidad"},"content":{"rendered":"\t\t<div data-elementor-type=\"wp-page\" data-elementor-id=\"106\" class=\"elementor elementor-106\">\n\t\t\t\t<div class=\"elementor-element elementor-element-b394b7a e-flex e-con-boxed e-con e-parent\" data-id=\"b394b7a\" data-element_type=\"container\" data-e-type=\"container\" data-settings=\"{&quot;background_background&quot;:&quot;classic&quot;,&quot;shape_divider_bottom&quot;:&quot;mountains&quot;}\">\n\t\t\t\t\t<div class=\"e-con-inner\">\n\t\t\t\t<div class=\"elementor-shape elementor-shape-bottom\" aria-hidden=\"true\" data-negative=\"false\">\n\t\t\t<svg xmlns=\"http:\/\/www.w3.org\/2000\/svg\" viewBox=\"0 0 1000 100\" preserveAspectRatio=\"none\">\n\t<path class=\"elementor-shape-fill\" opacity=\"0.33\" d=\"M473,67.3c-203.9,88.3-263.1-34-320.3,0C66,119.1,0,59.7,0,59.7V0h1000v59.7 c0,0-62.1,26.1-94.9,29.3c-32.8,3.3-62.8-12.3-75.8-22.1C806,49.6,745.3,8.7,694.9,4.7S492.4,59,473,67.3z\"\/>\n\t<path class=\"elementor-shape-fill\" opacity=\"0.66\" d=\"M734,67.3c-45.5,0-77.2-23.2-129.1-39.1c-28.6-8.7-150.3-10.1-254,39.1 s-91.7-34.4-149.2,0C115.7,118.3,0,39.8,0,39.8V0h1000v36.5c0,0-28.2-18.5-92.1-18.5C810.2,18.1,775.7,67.3,734,67.3z\"\/>\n\t<path class=\"elementor-shape-fill\" d=\"M766.1,28.9c-200-57.5-266,65.5-395.1,19.5C242,1.8,242,5.4,184.8,20.6C128,35.8,132.3,44.9,89.9,52.5C28.6,63.7,0,0,0,0 h1000c0,0-9.9,40.9-83.6,48.1S829.6,47,766.1,28.9z\"\/>\n<\/svg>\t\t<\/div>\n\t\t\t\t<div class=\"elementor-element elementor-element-e151ddf elementor-widget elementor-widget-heading\" data-id=\"e151ddf\" data-element_type=\"widget\" data-e-type=\"widget\" data-widget_type=\"heading.default\">\n\t\t\t\t<div class=\"elementor-widget-container\">\n\t\t\t\t\t<h2 class=\"elementor-heading-title elementor-size-default\">POL\u00cdTICA DE PRIVACIDAD<\/h2>\t\t\t\t<\/div>\n\t\t\t\t<\/div>\n\t\t\t\t\t<\/div>\n\t\t\t\t<\/div>\n\t\t<div class=\"elementor-element elementor-element-8c47c48 e-flex e-con-boxed e-con e-parent\" data-id=\"8c47c48\" data-element_type=\"container\" data-e-type=\"container\">\n\t\t\t\t\t<div class=\"e-con-inner\">\n\t\t\t\t<div class=\"elementor-element elementor-element-7f38497 elementor-widget elementor-widget-heading\" data-id=\"7f38497\" data-element_type=\"widget\" data-e-type=\"widget\" data-widget_type=\"heading.default\">\n\t\t\t\t<div class=\"elementor-widget-container\">\n\t\t\t\t\t<span class=\"elementor-heading-title elementor-size-default\">En <b>Paulownias.cl<\/b>, respetamos su privacidad y nos comprometemos a proteger su informaci\u00f3n personal. Esta pol\u00edtica describe c\u00f3mo recopilamos, usamos y protegemos sus datos.<br><br>\n\n<b>Recopilaci\u00f3n de Informaci\u00f3n<br><\/b><br>\n\n\nPodemos recopilar informaci\u00f3n personal, como su nombre y correo electr\u00f3nico, cuando nos contacte a trav\u00e9s del formulario de contacto o se suscriba a nuestro bolet\u00edn.<br><br>\n\n\nTambi\u00e9n recopilamos informaci\u00f3n no personal, como datos de navegaci\u00f3n, para mejorar la experiencia del usuario.<br><br>\n\n\n<b>Uso de la Informaci\u00f3n<br><\/b><br>\n\n\nLa informaci\u00f3n recopilada se utiliza exclusivamente para responder a sus consultas, enviarle actualizaciones o mejorar nuestros servicios.<br><br>\n\n\nNo compartiremos su informaci\u00f3n personal con terceros sin su consentimiento, salvo que lo exija la ley.<br><br>\n\n\n<b>Seguridad de los Datos<br><\/b><br>\n\n\nImplementamos medidas de seguridad para proteger su informaci\u00f3n contra el acceso no autorizado, alteraci\u00f3n o destrucci\u00f3n.<br><br>\n\n\n<b>Cookies<\/b><br><br>\n\n\nUtilizamos cookies para mejorar su experiencia en nuestro sitio web. Puede desactivar las cookies desde la configuraci\u00f3n de su navegador.\n\n<b>Derechos del Usuario<br><\/b><br>\n\n\nUsted tiene derecho a acceder, corregir o eliminar su informaci\u00f3n personal. Para ejercer estos derechos, cont\u00e1ctenos a [correo electr\u00f3nico].<\/span>\t\t\t\t<\/div>\n\t\t\t\t<\/div>\n\t\t\t\t\t<\/div>\n\t\t\t\t<\/div>\n\t\t\t\t<\/div>\n\t\t","protected":false},"excerpt":{"rendered":"<p>POL\u00cdTICA DE PRIVACIDAD En Paulownias.cl, respetamos su privacidad y nos comprometemos a proteger su informaci\u00f3n personal. Esta pol\u00edtica describe c\u00f3mo recopilamos, usamos y protegemos sus datos. Recopilaci\u00f3n de Informaci\u00f3n Podemos recopilar informaci\u00f3n personal, como su nombre y correo electr\u00f3nico, cuando nos contacte a trav\u00e9s del formulario de contacto o se suscriba a nuestro bolet\u00edn. Tambi\u00e9n [&hellip;]<\/p>\n","protected":false},"author":1,"featured_media":0,"parent":0,"menu_order":0,"comment_status":"closed","ping_status":"closed","template":"","meta":{"site-sidebar-layout":"no-sidebar","site-content-layout":"","ast-site-content-layout":"full-width-container","site-content-style":"default","site-sidebar-style":"default","ast-global-header-display":"","ast-banner-title-visibility":"","ast-main-header-display":"","ast-hfb-above-header-display":"","ast-hfb-below-header-display":"","ast-hfb-mobile-header-display":"","site-post-title":"disabled","ast-breadcrumbs-content":"","ast-featured-img":"disabled","footer-sml-layout":"","ast-disable-related-posts":"","theme-transparent-header-meta":"","adv-header-id-meta":"","stick-header-meta":"","header-above-stick-meta":"","header-main-stick-meta":"","header-below-stick-meta":"","astra-migrate-meta-layouts":"default","ast-page-background-enabled":"default","ast-page-background-meta":{"desktop":{"background-color":"var(--ast-global-color-5)","background-image":"","background-repeat":"repeat","background-position":"center center","background-size":"auto","background-attachment":"scroll","background-type":"","background-media":"","overlay-type":"","overlay-color":"","overlay-opacity":"","overlay-gradient":""},"tablet":{"background-color":"","background-image":"","background-repeat":"repeat","background-position":"center center","background-size":"auto","background-attachment":"scroll","background-type":"","background-media":"","overlay-type":"","overlay-color":"","overlay-opacity":"","overlay-gradient":""},"mobile":{"background-color":"","background-image":"","background-repeat":"repeat","background-position":"center center","background-size":"auto","background-attachment":"scroll","background-type":"","background-media":"","overlay-type":"","overlay-color":"","overlay-opacity":"","overlay-gradient":""}},"ast-content-background-meta":{"desktop":{"background-color":"var(--ast-global-color-4)","background-image":"","background-repeat":"repeat","background-position":"center center","background-size":"auto","background-attachment":"scroll","background-type":"","background-media":"","overlay-type":"","overlay-color":"","overlay-opacity":"","overlay-gradient":""},"tablet":{"background-color":"var(--ast-global-color-4)","background-image":"","background-repeat":"repeat","background-position":"center center","background-size":"auto","background-attachment":"scroll","background-type":"","background-media":"","overlay-type":"","overlay-color":"","overlay-opacity":"","overlay-gradient":""},"mobile":{"background-color":"var(--ast-global-color-4)","background-image":"","background-repeat":"repeat","background-position":"center center","background-size":"auto","background-attachment":"scroll","background-type":"","background-media":"","overlay-type":"","overlay-color":"","overlay-opacity":"","overlay-gradient":""}},"footnotes":""},"class_list":["post-106","page","type-page","status-publish","hentry"],"yoast_head":"<!-- This site is optimized with the Yoast SEO plugin v27.3 - https:\/\/yoast.com\/product\/yoast-seo-wordpress\/ -->\n<title>Pol\u00edticas de privacidad - paulownias.cl<\/title>\n<meta name=\"robots\" content=\"index, follow, max-snippet:-1, max-image-preview:large, max-video-preview:-1\" \/>\n<link rel=\"canonical\" href=\"https:\/\/paulownias.cl\/wordpress_s\/politicas-de-privacidad\/\" \/>\n<meta property=\"og:locale\" content=\"es_ES\" \/>\n<meta property=\"og:type\" content=\"article\" \/>\n<meta property=\"og:title\" content=\"Pol\u00edticas de privacidad - paulownias.cl\" \/>\n<meta property=\"og:description\" content=\"POL\u00cdTICA DE PRIVACIDAD En Paulownias.cl, respetamos su privacidad y nos comprometemos a proteger su informaci\u00f3n personal. Esta pol\u00edtica describe c\u00f3mo recopilamos, usamos y protegemos sus datos. Recopilaci\u00f3n de Informaci\u00f3n Podemos recopilar informaci\u00f3n personal, como su nombre y correo electr\u00f3nico, cuando nos contacte a trav\u00e9s del formulario de contacto o se suscriba a nuestro bolet\u00edn. Tambi\u00e9n [&hellip;]\" \/>\n<meta property=\"og:url\" content=\"https:\/\/paulownias.cl\/wordpress_s\/politicas-de-privacidad\/\" \/>\n<meta property=\"og:site_name\" content=\"paulownias.cl\" \/>\n<meta property=\"article:modified_time\" content=\"2025-01-27T21:18:37+00:00\" \/>\n<meta name=\"twitter:card\" content=\"summary_large_image\" \/>\n<meta name=\"twitter:label1\" content=\"Tiempo estimado de lectura\" \/>\n\t<meta name=\"twitter:data1\" content=\"1 minuto\" \/>\n<script type=\"application\/ld+json\" class=\"yoast-schema-graph\">{\"@context\":\"https:\\\/\\\/schema.org\",\"@graph\":[{\"@type\":\"WebPage\",\"@id\":\"https:\\\/\\\/paulownias.cl\\\/wordpress_s\\\/politicas-de-privacidad\\\/\",\"url\":\"https:\\\/\\\/paulownias.cl\\\/wordpress_s\\\/politicas-de-privacidad\\\/\",\"name\":\"Pol\u00edticas de privacidad - paulownias.cl\",\"isPartOf\":{\"@id\":\"https:\\\/\\\/paulownias.cl\\\/wordpress_s\\\/#website\"},\"datePublished\":\"2025-01-13T11:43:29+00:00\",\"dateModified\":\"2025-01-27T21:18:37+00:00\",\"breadcrumb\":{\"@id\":\"https:\\\/\\\/paulownias.cl\\\/wordpress_s\\\/politicas-de-privacidad\\\/#breadcrumb\"},\"inLanguage\":\"es-CL\",\"potentialAction\":[{\"@type\":\"ReadAction\",\"target\":[\"https:\\\/\\\/paulownias.cl\\\/wordpress_s\\\/politicas-de-privacidad\\\/\"]}]},{\"@type\":\"BreadcrumbList\",\"@id\":\"https:\\\/\\\/paulownias.cl\\\/wordpress_s\\\/politicas-de-privacidad\\\/#breadcrumb\",\"itemListElement\":[{\"@type\":\"ListItem\",\"position\":1,\"name\":\"Portada\",\"item\":\"https:\\\/\\\/paulownias.cl\\\/wordpress_s\\\/\"},{\"@type\":\"ListItem\",\"position\":2,\"name\":\"Pol\u00edticas de privacidad\"}]},{\"@type\":\"WebSite\",\"@id\":\"https:\\\/\\\/paulownias.cl\\\/wordpress_s\\\/#website\",\"url\":\"https:\\\/\\\/paulownias.cl\\\/wordpress_s\\\/\",\"name\":\"paulownias.cl\",\"description\":\"\",\"publisher\":{\"@id\":\"https:\\\/\\\/paulownias.cl\\\/wordpress_s\\\/#organization\"},\"potentialAction\":[{\"@type\":\"SearchAction\",\"target\":{\"@type\":\"EntryPoint\",\"urlTemplate\":\"https:\\\/\\\/paulownias.cl\\\/wordpress_s\\\/?s={search_term_string}\"},\"query-input\":{\"@type\":\"PropertyValueSpecification\",\"valueRequired\":true,\"valueName\":\"search_term_string\"}}],\"inLanguage\":\"es-CL\"},{\"@type\":\"Organization\",\"@id\":\"https:\\\/\\\/paulownias.cl\\\/wordpress_s\\\/#organization\",\"name\":\"paulownias.cl\",\"url\":\"https:\\\/\\\/paulownias.cl\\\/wordpress_s\\\/\",\"logo\":{\"@type\":\"ImageObject\",\"inLanguage\":\"es-CL\",\"@id\":\"https:\\\/\\\/paulownias.cl\\\/wordpress_s\\\/#\\\/schema\\\/logo\\\/image\\\/\",\"url\":\"https:\\\/\\\/paulownias.cl\\\/wordpress_s\\\/wp-content\\\/uploads\\\/2025\\\/01\\\/cropped-LogoPaulownia2-1.png\",\"contentUrl\":\"https:\\\/\\\/paulownias.cl\\\/wordpress_s\\\/wp-content\\\/uploads\\\/2025\\\/01\\\/cropped-LogoPaulownia2-1.png\",\"width\":607,\"height\":619,\"caption\":\"paulownias.cl\"},\"image\":{\"@id\":\"https:\\\/\\\/paulownias.cl\\\/wordpress_s\\\/#\\\/schema\\\/logo\\\/image\\\/\"}}]}<\/script>\n<!-- \/ Yoast SEO plugin. -->","yoast_head_json":{"title":"Pol\u00edticas de privacidad - paulownias.cl","robots":{"index":"index","follow":"follow","max-snippet":"max-snippet:-1","max-image-preview":"max-image-preview:large","max-video-preview":"max-video-preview:-1"},"canonical":"https:\/\/paulownias.cl\/wordpress_s\/politicas-de-privacidad\/","og_locale":"es_ES","og_type":"article","og_title":"Pol\u00edticas de privacidad - paulownias.cl","og_description":"POL\u00cdTICA DE PRIVACIDAD En Paulownias.cl, respetamos su privacidad y nos comprometemos a proteger su informaci\u00f3n personal. Esta pol\u00edtica describe c\u00f3mo recopilamos, usamos y protegemos sus datos. Recopilaci\u00f3n de Informaci\u00f3n Podemos recopilar informaci\u00f3n personal, como su nombre y correo electr\u00f3nico, cuando nos contacte a trav\u00e9s del formulario de contacto o se suscriba a nuestro bolet\u00edn. Tambi\u00e9n [&hellip;]","og_url":"https:\/\/paulownias.cl\/wordpress_s\/politicas-de-privacidad\/","og_site_name":"paulownias.cl","article_modified_time":"2025-01-27T21:18:37+00:00","twitter_card":"summary_large_image","twitter_misc":{"Tiempo estimado de lectura":"1 minuto"},"schema":{"@context":"https:\/\/schema.org","@graph":[{"@type":"WebPage","@id":"https:\/\/paulownias.cl\/wordpress_s\/politicas-de-privacidad\/","url":"https:\/\/paulownias.cl\/wordpress_s\/politicas-de-privacidad\/","name":"Pol\u00edticas de privacidad - paulownias.cl","isPartOf":{"@id":"https:\/\/paulownias.cl\/wordpress_s\/#website"},"datePublished":"2025-01-13T11:43:29+00:00","dateModified":"2025-01-27T21:18:37+00:00","breadcrumb":{"@id":"https:\/\/paulownias.cl\/wordpress_s\/politicas-de-privacidad\/#breadcrumb"},"inLanguage":"es-CL","potentialAction":[{"@type":"ReadAction","target":["https:\/\/paulownias.cl\/wordpress_s\/politicas-de-privacidad\/"]}]},{"@type":"BreadcrumbList","@id":"https:\/\/paulownias.cl\/wordpress_s\/politicas-de-privacidad\/#breadcrumb","itemListElement":[{"@type":"ListItem","position":1,"name":"Portada","item":"https:\/\/paulownias.cl\/wordpress_s\/"},{"@type":"ListItem","position":2,"name":"Pol\u00edticas de privacidad"}]},{"@type":"WebSite","@id":"https:\/\/paulownias.cl\/wordpress_s\/#website","url":"https:\/\/paulownias.cl\/wordpress_s\/","name":"paulownias.cl","description":"","publisher":{"@id":"https:\/\/paulownias.cl\/wordpress_s\/#organization"},"potentialAction":[{"@type":"SearchAction","target":{"@type":"EntryPoint","urlTemplate":"https:\/\/paulownias.cl\/wordpress_s\/?s={search_term_string}"},"query-input":{"@type":"PropertyValueSpecification","valueRequired":true,"valueName":"search_term_string"}}],"inLanguage":"es-CL"},{"@type":"Organization","@id":"https:\/\/paulownias.cl\/wordpress_s\/#organization","name":"paulownias.cl","url":"https:\/\/paulownias.cl\/wordpress_s\/","logo":{"@type":"ImageObject","inLanguage":"es-CL","@id":"https:\/\/paulownias.cl\/wordpress_s\/#\/schema\/logo\/image\/","url":"https:\/\/paulownias.cl\/wordpress_s\/wp-content\/uploads\/2025\/01\/cropped-LogoPaulownia2-1.png","contentUrl":"https:\/\/paulownias.cl\/wordpress_s\/wp-content\/uploads\/2025\/01\/cropped-LogoPaulownia2-1.png","width":607,"height":619,"caption":"paulownias.cl"},"image":{"@id":"https:\/\/paulownias.cl\/wordpress_s\/#\/schema\/logo\/image\/"}}]}},"_links":{"self":[{"href":"https:\/\/paulownias.cl\/wordpress_s\/wp-json\/wp\/v2\/pages\/106","targetHints":{"allow":["GET"]}}],"collection":[{"href":"https:\/\/paulownias.cl\/wordpress_s\/wp-json\/wp\/v2\/pages"}],"about":[{"href":"https:\/\/paulownias.cl\/wordpress_s\/wp-json\/wp\/v2\/types\/page"}],"author":[{"embeddable":true,"href":"https:\/\/paulownias.cl\/wordpress_s\/wp-json\/wp\/v2\/users\/1"}],"replies":[{"embeddable":true,"href":"https:\/\/paulownias.cl\/wordpress_s\/wp-json\/wp\/v2\/comments?post=106"}],"version-history":[{"count":10,"href":"https:\/\/paulownias.cl\/wordpress_s\/wp-json\/wp\/v2\/pages\/106\/revisions"}],"predecessor-version":[{"id":252,"href":"https:\/\/paulownias.cl\/wordpress_s\/wp-json\/wp\/v2\/pages\/106\/revisions\/252"}],"wp:attachment":[{"href":"https:\/\/paulownias.cl\/wordpress_s\/wp-json\/wp\/v2\/media?parent=106"}],"curies":[{"name":"wp","href":"https:\/\/api.w.org\/{rel}","templated":true}]}}