{"id":103,"date":"2025-01-13T08:42:50","date_gmt":"2025-01-13T11:42:50","guid":{"rendered":"https:\/\/paulownias.cl\/wordpress_s\/?page_id=103"},"modified":"2025-01-27T18:20:53","modified_gmt":"2025-01-27T21:20:53","slug":"terminos-y-condiciones","status":"publish","type":"page","link":"https:\/\/paulownias.cl\/wordpress_s\/terminos-y-condiciones\/","title":{"rendered":"T\u00e9rminos y condiciones"},"content":{"rendered":"\t\t<div data-elementor-type=\"wp-page\" data-elementor-id=\"103\" class=\"elementor elementor-103\">\n\t\t\t\t<div class=\"elementor-element elementor-element-e5d25b8 e-flex e-con-boxed e-con e-parent\" data-id=\"e5d25b8\" data-element_type=\"container\" data-e-type=\"container\" data-settings=\"{&quot;background_background&quot;:&quot;classic&quot;,&quot;shape_divider_bottom&quot;:&quot;mountains&quot;}\">\n\t\t\t\t\t<div class=\"e-con-inner\">\n\t\t\t\t<div class=\"elementor-shape elementor-shape-bottom\" aria-hidden=\"true\" data-negative=\"false\">\n\t\t\t<svg xmlns=\"http:\/\/www.w3.org\/2000\/svg\" viewBox=\"0 0 1000 100\" preserveAspectRatio=\"none\">\n\t<path class=\"elementor-shape-fill\" opacity=\"0.33\" d=\"M473,67.3c-203.9,88.3-263.1-34-320.3,0C66,119.1,0,59.7,0,59.7V0h1000v59.7 c0,0-62.1,26.1-94.9,29.3c-32.8,3.3-62.8-12.3-75.8-22.1C806,49.6,745.3,8.7,694.9,4.7S492.4,59,473,67.3z\"\/>\n\t<path class=\"elementor-shape-fill\" opacity=\"0.66\" d=\"M734,67.3c-45.5,0-77.2-23.2-129.1-39.1c-28.6-8.7-150.3-10.1-254,39.1 s-91.7-34.4-149.2,0C115.7,118.3,0,39.8,0,39.8V0h1000v36.5c0,0-28.2-18.5-92.1-18.5C810.2,18.1,775.7,67.3,734,67.3z\"\/>\n\t<path class=\"elementor-shape-fill\" d=\"M766.1,28.9c-200-57.5-266,65.5-395.1,19.5C242,1.8,242,5.4,184.8,20.6C128,35.8,132.3,44.9,89.9,52.5C28.6,63.7,0,0,0,0 h1000c0,0-9.9,40.9-83.6,48.1S829.6,47,766.1,28.9z\"\/>\n<\/svg>\t\t<\/div>\n\t\t\t\t<div class=\"elementor-element elementor-element-9744018 elementor-widget elementor-widget-heading\" data-id=\"9744018\" data-element_type=\"widget\" data-e-type=\"widget\" data-widget_type=\"heading.default\">\n\t\t\t\t<div class=\"elementor-widget-container\">\n\t\t\t\t\t<h2 class=\"elementor-heading-title elementor-size-default\">T\u00c9RMINOS Y CONDICIONES<\/h2>\t\t\t\t<\/div>\n\t\t\t\t<\/div>\n\t\t\t\t\t<\/div>\n\t\t\t\t<\/div>\n\t\t<div class=\"elementor-element elementor-element-a63224c e-flex e-con-boxed e-con e-parent\" data-id=\"a63224c\" data-element_type=\"container\" data-e-type=\"container\">\n\t\t\t\t\t<div class=\"e-con-inner\">\n\t\t\t\t<div class=\"elementor-element elementor-element-9e76593 elementor-widget elementor-widget-heading\" data-id=\"9e76593\" data-element_type=\"widget\" data-e-type=\"widget\" data-widget_type=\"heading.default\">\n\t\t\t\t<div class=\"elementor-widget-container\">\n\t\t\t\t\t<span class=\"elementor-heading-title elementor-size-default\">Bienvenido a <b>Paulownias.cl<\/b>. Al acceder o utilizar este sitio web, usted acepta cumplir y estar sujeto a los siguientes t\u00e9rminos y condiciones. Si no est\u00e1 de acuerdo con alguno de estos t\u00e9rminos, le recomendamos no utilizar este sitio.<br><br>\n\n<b>Uso del Contenido<br><\/b><br>\n\nTodo el contenido publicado en <b>Paulownias.cl<\/b>, incluidas im\u00e1genes, textos, y gr\u00e1ficos, es solo para fines informativos. No se garantiza que la informaci\u00f3n sea precisa, completa o actualizada.<br><br>\n\nUsted se compromete a utilizar el contenido del sitio web solo para fines legales y personales, y no para cualquier actividad comercial no autorizada.<br><br>\n\n<b>Modificaciones<\/b><br><br>\n\n<b>Paulownias.cl<\/b> se reserva el derecho de modificar estos t\u00e9rminos y condiciones en cualquier momento sin previo aviso. Las actualizaciones se publicar\u00e1n en esta p\u00e1gina, y su uso continuo del sitio web despu\u00e9s de los cambios implica la aceptaci\u00f3n de dichos cambios.<br><br>\n\n<b>Enlaces a Terceros<br><\/b><br>\n\nEste sitio puede contener enlaces a sitios web de terceros que no son operados ni controlados por <b>Paulownias.cl<\/b>. No somos responsables del contenido ni de las pol\u00edticas de privacidad de dichos sitios.<br><br>\n\n<b>Limitaci\u00f3n de Responsabilidad<br><\/b><br>\n\n<b>Paulownias.cl<\/b> no se responsabiliza por da\u00f1os directos, indirectos, incidentales o consecuentes derivados del uso de este sitio web o de la informaci\u00f3n contenida en \u00e9l.<br><br>\n\n<b>Propiedad Intelectual<br><\/b><br>\n\nTodo el contenido del sitio, incluidos textos, im\u00e1genes, gr\u00e1ficos y logotipos, est\u00e1 protegido por derechos de autor y otras leyes de propiedad intelectual. Queda prohibida la reproducci\u00f3n, distribuci\u00f3n o transmisi\u00f3n sin el consentimiento previo por escrito de <b>Paulownias.cl<\/b>.<\/span>\t\t\t\t<\/div>\n\t\t\t\t<\/div>\n\t\t\t\t\t<\/div>\n\t\t\t\t<\/div>\n\t\t\t\t<\/div>\n\t\t","protected":false},"excerpt":{"rendered":"<p>T\u00c9RMINOS Y CONDICIONES Bienvenido a Paulownias.cl. Al acceder o utilizar este sitio web, usted acepta cumplir y estar sujeto a los siguientes t\u00e9rminos y condiciones. Si no est\u00e1 de acuerdo con alguno de estos t\u00e9rminos, le recomendamos no utilizar este sitio. Uso del Contenido Todo el contenido publicado en Paulownias.cl, incluidas im\u00e1genes, textos, y gr\u00e1ficos, [&hellip;]<\/p>\n","protected":false},"author":1,"featured_media":0,"parent":0,"menu_order":0,"comment_status":"closed","ping_status":"closed","template":"","meta":{"site-sidebar-layout":"no-sidebar","site-content-layout":"","ast-site-content-layout":"full-width-container","site-content-style":"default","site-sidebar-style":"default","ast-global-header-display":"","ast-banner-title-visibility":"","ast-main-header-display":"","ast-hfb-above-header-display":"","ast-hfb-below-header-display":"","ast-hfb-mobile-header-display":"","site-post-title":"disabled","ast-breadcrumbs-content":"","ast-featured-img":"disabled","footer-sml-layout":"","ast-disable-related-posts":"","theme-transparent-header-meta":"","adv-header-id-meta":"","stick-header-meta":"","header-above-stick-meta":"","header-main-stick-meta":"","header-below-stick-meta":"","astra-migrate-meta-layouts":"default","ast-page-background-enabled":"default","ast-page-background-meta":{"desktop":{"background-color":"var(--ast-global-color-5)","background-image":"","background-repeat":"repeat","background-position":"center center","background-size":"auto","background-attachment":"scroll","background-type":"","background-media":"","overlay-type":"","overlay-color":"","overlay-opacity":"","overlay-gradient":""},"tablet":{"background-color":"","background-image":"","background-repeat":"repeat","background-position":"center center","background-size":"auto","background-attachment":"scroll","background-type":"","background-media":"","overlay-type":"","overlay-color":"","overlay-opacity":"","overlay-gradient":""},"mobile":{"background-color":"","background-image":"","background-repeat":"repeat","background-position":"center center","background-size":"auto","background-attachment":"scroll","background-type":"","background-media":"","overlay-type":"","overlay-color":"","overlay-opacity":"","overlay-gradient":""}},"ast-content-background-meta":{"desktop":{"background-color":"var(--ast-global-color-4)","background-image":"","background-repeat":"repeat","background-position":"center center","background-size":"auto","background-attachment":"scroll","background-type":"","background-media":"","overlay-type":"","overlay-color":"","overlay-opacity":"","overlay-gradient":""},"tablet":{"background-color":"var(--ast-global-color-4)","background-image":"","background-repeat":"repeat","background-position":"center center","background-size":"auto","background-attachment":"scroll","background-type":"","background-media":"","overlay-type":"","overlay-color":"","overlay-opacity":"","overlay-gradient":""},"mobile":{"background-color":"var(--ast-global-color-4)","background-image":"","background-repeat":"repeat","background-position":"center center","background-size":"auto","background-attachment":"scroll","background-type":"","background-media":"","overlay-type":"","overlay-color":"","overlay-opacity":"","overlay-gradient":""}},"footnotes":""},"class_list":["post-103","page","type-page","status-publish","hentry"],"yoast_head":"<!-- This site is optimized with the Yoast SEO plugin v27.3 - https:\/\/yoast.com\/product\/yoast-seo-wordpress\/ -->\n<title>T\u00e9rminos y condiciones - paulownias.cl<\/title>\n<meta name=\"robots\" content=\"index, follow, max-snippet:-1, max-image-preview:large, max-video-preview:-1\" \/>\n<link rel=\"canonical\" href=\"https:\/\/paulownias.cl\/wordpress_s\/terminos-y-condiciones\/\" \/>\n<meta property=\"og:locale\" content=\"es_ES\" \/>\n<meta property=\"og:type\" content=\"article\" \/>\n<meta property=\"og:title\" content=\"T\u00e9rminos y condiciones - paulownias.cl\" \/>\n<meta property=\"og:description\" content=\"T\u00c9RMINOS Y CONDICIONES Bienvenido a Paulownias.cl. Al acceder o utilizar este sitio web, usted acepta cumplir y estar sujeto a los siguientes t\u00e9rminos y condiciones. Si no est\u00e1 de acuerdo con alguno de estos t\u00e9rminos, le recomendamos no utilizar este sitio. Uso del Contenido Todo el contenido publicado en Paulownias.cl, incluidas im\u00e1genes, textos, y gr\u00e1ficos, [&hellip;]\" \/>\n<meta property=\"og:url\" content=\"https:\/\/paulownias.cl\/wordpress_s\/terminos-y-condiciones\/\" \/>\n<meta property=\"og:site_name\" content=\"paulownias.cl\" \/>\n<meta property=\"article:modified_time\" content=\"2025-01-27T21:20:53+00:00\" \/>\n<meta name=\"twitter:card\" content=\"summary_large_image\" \/>\n<meta name=\"twitter:label1\" content=\"Tiempo estimado de lectura\" \/>\n\t<meta name=\"twitter:data1\" content=\"1 minuto\" \/>\n<script type=\"application\/ld+json\" class=\"yoast-schema-graph\">{\"@context\":\"https:\\\/\\\/schema.org\",\"@graph\":[{\"@type\":\"WebPage\",\"@id\":\"https:\\\/\\\/paulownias.cl\\\/wordpress_s\\\/terminos-y-condiciones\\\/\",\"url\":\"https:\\\/\\\/paulownias.cl\\\/wordpress_s\\\/terminos-y-condiciones\\\/\",\"name\":\"T\u00e9rminos y condiciones - paulownias.cl\",\"isPartOf\":{\"@id\":\"https:\\\/\\\/paulownias.cl\\\/wordpress_s\\\/#website\"},\"datePublished\":\"2025-01-13T11:42:50+00:00\",\"dateModified\":\"2025-01-27T21:20:53+00:00\",\"breadcrumb\":{\"@id\":\"https:\\\/\\\/paulownias.cl\\\/wordpress_s\\\/terminos-y-condiciones\\\/#breadcrumb\"},\"inLanguage\":\"es-CL\",\"potentialAction\":[{\"@type\":\"ReadAction\",\"target\":[\"https:\\\/\\\/paulownias.cl\\\/wordpress_s\\\/terminos-y-condiciones\\\/\"]}]},{\"@type\":\"BreadcrumbList\",\"@id\":\"https:\\\/\\\/paulownias.cl\\\/wordpress_s\\\/terminos-y-condiciones\\\/#breadcrumb\",\"itemListElement\":[{\"@type\":\"ListItem\",\"position\":1,\"name\":\"Portada\",\"item\":\"https:\\\/\\\/paulownias.cl\\\/wordpress_s\\\/\"},{\"@type\":\"ListItem\",\"position\":2,\"name\":\"T\u00e9rminos y condiciones\"}]},{\"@type\":\"WebSite\",\"@id\":\"https:\\\/\\\/paulownias.cl\\\/wordpress_s\\\/#website\",\"url\":\"https:\\\/\\\/paulownias.cl\\\/wordpress_s\\\/\",\"name\":\"paulownias.cl\",\"description\":\"\",\"publisher\":{\"@id\":\"https:\\\/\\\/paulownias.cl\\\/wordpress_s\\\/#organization\"},\"potentialAction\":[{\"@type\":\"SearchAction\",\"target\":{\"@type\":\"EntryPoint\",\"urlTemplate\":\"https:\\\/\\\/paulownias.cl\\\/wordpress_s\\\/?s={search_term_string}\"},\"query-input\":{\"@type\":\"PropertyValueSpecification\",\"valueRequired\":true,\"valueName\":\"search_term_string\"}}],\"inLanguage\":\"es-CL\"},{\"@type\":\"Organization\",\"@id\":\"https:\\\/\\\/paulownias.cl\\\/wordpress_s\\\/#organization\",\"name\":\"paulownias.cl\",\"url\":\"https:\\\/\\\/paulownias.cl\\\/wordpress_s\\\/\",\"logo\":{\"@type\":\"ImageObject\",\"inLanguage\":\"es-CL\",\"@id\":\"https:\\\/\\\/paulownias.cl\\\/wordpress_s\\\/#\\\/schema\\\/logo\\\/image\\\/\",\"url\":\"https:\\\/\\\/paulownias.cl\\\/wordpress_s\\\/wp-content\\\/uploads\\\/2025\\\/01\\\/cropped-LogoPaulownia2-1.png\",\"contentUrl\":\"https:\\\/\\\/paulownias.cl\\\/wordpress_s\\\/wp-content\\\/uploads\\\/2025\\\/01\\\/cropped-LogoPaulownia2-1.png\",\"width\":607,\"height\":619,\"caption\":\"paulownias.cl\"},\"image\":{\"@id\":\"https:\\\/\\\/paulownias.cl\\\/wordpress_s\\\/#\\\/schema\\\/logo\\\/image\\\/\"}}]}<\/script>\n<!-- \/ Yoast SEO plugin. -->","yoast_head_json":{"title":"T\u00e9rminos y condiciones - paulownias.cl","robots":{"index":"index","follow":"follow","max-snippet":"max-snippet:-1","max-image-preview":"max-image-preview:large","max-video-preview":"max-video-preview:-1"},"canonical":"https:\/\/paulownias.cl\/wordpress_s\/terminos-y-condiciones\/","og_locale":"es_ES","og_type":"article","og_title":"T\u00e9rminos y condiciones - paulownias.cl","og_description":"T\u00c9RMINOS Y CONDICIONES Bienvenido a Paulownias.cl. Al acceder o utilizar este sitio web, usted acepta cumplir y estar sujeto a los siguientes t\u00e9rminos y condiciones. Si no est\u00e1 de acuerdo con alguno de estos t\u00e9rminos, le recomendamos no utilizar este sitio. Uso del Contenido Todo el contenido publicado en Paulownias.cl, incluidas im\u00e1genes, textos, y gr\u00e1ficos, [&hellip;]","og_url":"https:\/\/paulownias.cl\/wordpress_s\/terminos-y-condiciones\/","og_site_name":"paulownias.cl","article_modified_time":"2025-01-27T21:20:53+00:00","twitter_card":"summary_large_image","twitter_misc":{"Tiempo estimado de lectura":"1 minuto"},"schema":{"@context":"https:\/\/schema.org","@graph":[{"@type":"WebPage","@id":"https:\/\/paulownias.cl\/wordpress_s\/terminos-y-condiciones\/","url":"https:\/\/paulownias.cl\/wordpress_s\/terminos-y-condiciones\/","name":"T\u00e9rminos y condiciones - paulownias.cl","isPartOf":{"@id":"https:\/\/paulownias.cl\/wordpress_s\/#website"},"datePublished":"2025-01-13T11:42:50+00:00","dateModified":"2025-01-27T21:20:53+00:00","breadcrumb":{"@id":"https:\/\/paulownias.cl\/wordpress_s\/terminos-y-condiciones\/#breadcrumb"},"inLanguage":"es-CL","potentialAction":[{"@type":"ReadAction","target":["https:\/\/paulownias.cl\/wordpress_s\/terminos-y-condiciones\/"]}]},{"@type":"BreadcrumbList","@id":"https:\/\/paulownias.cl\/wordpress_s\/terminos-y-condiciones\/#breadcrumb","itemListElement":[{"@type":"ListItem","position":1,"name":"Portada","item":"https:\/\/paulownias.cl\/wordpress_s\/"},{"@type":"ListItem","position":2,"name":"T\u00e9rminos y condiciones"}]},{"@type":"WebSite","@id":"https:\/\/paulownias.cl\/wordpress_s\/#website","url":"https:\/\/paulownias.cl\/wordpress_s\/","name":"paulownias.cl","description":"","publisher":{"@id":"https:\/\/paulownias.cl\/wordpress_s\/#organization"},"potentialAction":[{"@type":"SearchAction","target":{"@type":"EntryPoint","urlTemplate":"https:\/\/paulownias.cl\/wordpress_s\/?s={search_term_string}"},"query-input":{"@type":"PropertyValueSpecification","valueRequired":true,"valueName":"search_term_string"}}],"inLanguage":"es-CL"},{"@type":"Organization","@id":"https:\/\/paulownias.cl\/wordpress_s\/#organization","name":"paulownias.cl","url":"https:\/\/paulownias.cl\/wordpress_s\/","logo":{"@type":"ImageObject","inLanguage":"es-CL","@id":"https:\/\/paulownias.cl\/wordpress_s\/#\/schema\/logo\/image\/","url":"https:\/\/paulownias.cl\/wordpress_s\/wp-content\/uploads\/2025\/01\/cropped-LogoPaulownia2-1.png","contentUrl":"https:\/\/paulownias.cl\/wordpress_s\/wp-content\/uploads\/2025\/01\/cropped-LogoPaulownia2-1.png","width":607,"height":619,"caption":"paulownias.cl"},"image":{"@id":"https:\/\/paulownias.cl\/wordpress_s\/#\/schema\/logo\/image\/"}}]}},"_links":{"self":[{"href":"https:\/\/paulownias.cl\/wordpress_s\/wp-json\/wp\/v2\/pages\/103","targetHints":{"allow":["GET"]}}],"collection":[{"href":"https:\/\/paulownias.cl\/wordpress_s\/wp-json\/wp\/v2\/pages"}],"about":[{"href":"https:\/\/paulownias.cl\/wordpress_s\/wp-json\/wp\/v2\/types\/page"}],"author":[{"embeddable":true,"href":"https:\/\/paulownias.cl\/wordpress_s\/wp-json\/wp\/v2\/users\/1"}],"replies":[{"embeddable":true,"href":"https:\/\/paulownias.cl\/wordpress_s\/wp-json\/wp\/v2\/comments?post=103"}],"version-history":[{"count":13,"href":"https:\/\/paulownias.cl\/wordpress_s\/wp-json\/wp\/v2\/pages\/103\/revisions"}],"predecessor-version":[{"id":264,"href":"https:\/\/paulownias.cl\/wordpress_s\/wp-json\/wp\/v2\/pages\/103\/revisions\/264"}],"wp:attachment":[{"href":"https:\/\/paulownias.cl\/wordpress_s\/wp-json\/wp\/v2\/media?parent=103"}],"curies":[{"name":"wp","href":"https:\/\/api.w.org\/{rel}","templated":true}]}}